{"id":1245,"date":"2025-06-07T21:37:17","date_gmt":"2025-06-08T02:37:17","guid":{"rendered":"https:\/\/sanpedroglamping.com\/?page_id=1245"},"modified":"2026-03-30T16:34:52","modified_gmt":"2026-03-30T21:34:52","slug":"curso-vacacional-2025","status":"publish","type":"page","link":"https:\/\/sanpedroglamping.com\/en\/curso-vacacional-2025\/","title":{"rendered":"Curso Vacacional 2025"},"content":{"rendered":"<div data-elementor-type=\"wp-page\" data-elementor-id=\"1245\" class=\"elementor elementor-1245\">\n\t\t\t\t<div class=\"elementor-element elementor-element-4f283c8 e-flex e-con-boxed e-con e-parent\" data-id=\"4f283c8\" data-element_type=\"container\" data-e-type=\"container\">\n\t\t\t\t\t<div class=\"e-con-inner\">\n\t\t\t\t\t<\/div>\n\t\t\t\t<\/div>\n\t\t<div class=\"elementor-element elementor-element-b833bbd e-flex e-con-boxed e-con e-parent\" data-id=\"b833bbd\" data-element_type=\"container\" data-e-type=\"container\">\n\t\t\t\t\t<div class=\"e-con-inner\">\n\t\t\t\t<div class=\"elementor-element elementor-element-c47967e elementor-widget-divider--view-line elementor-widget elementor-widget-divider\" data-id=\"c47967e\" data-element_type=\"widget\" data-e-type=\"widget\" data-widget_type=\"divider.default\">\n\t\t\t\t<div class=\"elementor-widget-container\">\n\t\t\t\t\t\t\t<div class=\"elementor-divider\">\n\t\t\t<span class=\"elementor-divider-separator\">\n\t\t\t\t\t\t<\/span>\n\t\t<\/div>\n\t\t\t\t\t\t<\/div>\n\t\t\t\t<\/div>\n\t\t\t\t<div class=\"elementor-element elementor-element-416e820 elementor-widget elementor-widget-spacer\" data-id=\"416e820\" data-element_type=\"widget\" data-e-type=\"widget\" data-widget_type=\"spacer.default\">\n\t\t\t\t<div class=\"elementor-widget-container\">\n\t\t\t\t\t\t\t<div class=\"elementor-spacer\">\n\t\t\t<div class=\"elementor-spacer-inner\"><\/div>\n\t\t<\/div>\n\t\t\t\t\t\t<\/div>\n\t\t\t\t<\/div>\n\t\t<div class=\"elementor-element elementor-element-9488425 e-con-full e-flex e-con e-child\" data-id=\"9488425\" data-element_type=\"container\" data-e-type=\"container\">\n\t\t\t\t<div class=\"elementor-element elementor-element-9eb73d8 elementor-widget elementor-widget-heading\" data-id=\"9eb73d8\" data-element_type=\"widget\" data-e-type=\"widget\" data-widget_type=\"heading.default\">\n\t\t\t\t<div class=\"elementor-widget-container\">\n\t\t\t\t\t<h2 class=\"elementor-heading-title elementor-size-default\">Curso de Equitaci\u00f3n Infantil \u2013 Vacaciones a Caballo 2025<\/h2>\t\t\t\t<\/div>\n\t\t\t\t<\/div>\n\t\t\t\t<div class=\"elementor-element elementor-element-ca79d33 elementor-widget elementor-widget-text-editor\" data-id=\"ca79d33\" data-element_type=\"widget\" data-e-type=\"widget\" data-widget_type=\"text-editor.default\">\n\t\t\t\t<div class=\"elementor-widget-container\">\n\t\t\t\t\t\t\t\t\t<h4>\u00a1Inscr\u00edbelos en una experiencia inolvidable, segura y divertida en Finca San Pedro!<\/h4>\t\t\t\t\t\t\t\t<\/div>\n\t\t\t\t<\/div>\n\t\t\t\t<div class=\"elementor-element elementor-element-57d65fd elementor-align-center elementor-widget elementor-widget-button\" data-id=\"57d65fd\" data-element_type=\"widget\" data-e-type=\"widget\" data-widget_type=\"button.default\">\n\t\t\t\t<div class=\"elementor-widget-container\">\n\t\t\t\t\t\t\t\t\t<div class=\"elementor-button-wrapper\">\n\t\t\t\t\t<a class=\"elementor-button elementor-button-link elementor-size-sm\" href=\"https:\/\/wa.me\/593987729387\">\n\t\t\t\t\t\t<span class=\"elementor-button-content-wrapper\">\n\t\t\t\t\t\t\t\t\t<span class=\"elementor-button-text\">Reservar<\/span>\n\t\t\t\t\t<\/span>\n\t\t\t\t\t<\/a>\n\t\t\t\t<\/div>\n\t\t\t\t\t\t\t\t<\/div>\n\t\t\t\t<\/div>\n\t\t\t\t<\/div>\n\t\t\t\t<div class=\"elementor-element elementor-element-6965059 elementor-widget elementor-widget-spacer\" data-id=\"6965059\" data-element_type=\"widget\" data-e-type=\"widget\" data-widget_type=\"spacer.default\">\n\t\t\t\t<div class=\"elementor-widget-container\">\n\t\t\t\t\t\t\t<div class=\"elementor-spacer\">\n\t\t\t<div class=\"elementor-spacer-inner\"><\/div>\n\t\t<\/div>\n\t\t\t\t\t\t<\/div>\n\t\t\t\t<\/div>\n\t\t\t\t<div class=\"elementor-element elementor-element-5ef1509 elementor-widget elementor-widget-image\" data-id=\"5ef1509\" data-element_type=\"widget\" data-e-type=\"widget\" data-widget_type=\"image.default\">\n\t\t\t\t<div class=\"elementor-widget-container\">\n\t\t\t\t\t\t\t\t\t\t\t\t\t\t\t<img fetchpriority=\"high\" decoding=\"async\" width=\"1024\" height=\"768\" src=\"https:\/\/sanpedroglamping.com\/wp-content\/uploads\/2025\/06\/Cursos-vacacionales-1024x768.webp\" class=\"attachment-large size-large wp-image-1251\" alt=\"Cursos Vacacionales 1024x768\" srcset=\"https:\/\/sanpedroglamping.com\/wp-content\/uploads\/2025\/06\/Cursos-vacacionales-1024x768.webp 1024w, https:\/\/sanpedroglamping.com\/wp-content\/uploads\/2025\/06\/Cursos-vacacionales-scaled-600x450.webp 600w, https:\/\/sanpedroglamping.com\/wp-content\/uploads\/2025\/06\/Cursos-vacacionales-300x225.webp 300w, https:\/\/sanpedroglamping.com\/wp-content\/uploads\/2025\/06\/Cursos-vacacionales-768x576.webp 768w, https:\/\/sanpedroglamping.com\/wp-content\/uploads\/2025\/06\/Cursos-vacacionales-1536x1152.webp 1536w, https:\/\/sanpedroglamping.com\/wp-content\/uploads\/2025\/06\/Cursos-vacacionales-2048x1536.webp 2048w, https:\/\/sanpedroglamping.com\/wp-content\/uploads\/2025\/06\/Cursos-vacacionales-16x12.webp 16w\" sizes=\"(max-width: 1024px) 100vw, 1024px\" title=\"Curso Vacacional 2025\">\t\t\t\t\t\t\t\t\t\t\t\t\t\t\t<\/div>\n\t\t\t\t<\/div>\n\t\t\t\t<div class=\"elementor-element elementor-element-41bfdce elementor-widget elementor-widget-spacer\" data-id=\"41bfdce\" data-element_type=\"widget\" data-e-type=\"widget\" data-widget_type=\"spacer.default\">\n\t\t\t\t<div class=\"elementor-widget-container\">\n\t\t\t\t\t\t\t<div class=\"elementor-spacer\">\n\t\t\t<div class=\"elementor-spacer-inner\"><\/div>\n\t\t<\/div>\n\t\t\t\t\t\t<\/div>\n\t\t\t\t<\/div>\n\t\t\t\t\t<\/div>\n\t\t\t\t<\/div>\n\t\t<div class=\"elementor-element elementor-element-7ad1f4a e-flex e-con-boxed e-con e-parent\" data-id=\"7ad1f4a\" data-element_type=\"container\" data-e-type=\"container\">\n\t\t\t\t\t<div class=\"e-con-inner\">\n\t\t<div class=\"elementor-element elementor-element-300b2be e-con-full e-flex e-con e-child\" data-id=\"300b2be\" data-element_type=\"container\" data-e-type=\"container\">\n\t\t\t\t<div class=\"elementor-element elementor-element-4e69604 elementor-widget elementor-widget-text-editor\" data-id=\"4e69604\" data-element_type=\"widget\" data-e-type=\"widget\" data-widget_type=\"text-editor.default\">\n\t\t\t\t<div class=\"elementor-widget-container\">\n\t\t\t\t\t\t\t\t\t<p>Ni\u00f1os de 6 a 11 a\u00f1os<\/p><p>Adolescentes de 12 a 17 a\u00f1os<\/p><p><span style=\"font-weight: 400;\">Lunes a viernes | 09:00 - 11:30 | 5 a 10 cupos por grupo.<\/span><\/p><p><strong>Precio total ($80) (No incluye transporte hacia la Finca)<\/strong><\/p>\t\t\t\t\t\t\t\t<\/div>\n\t\t\t\t<\/div>\n\t\t\t\t<\/div>\n\t\t\t\t<div class=\"elementor-element elementor-element-754403a elementor-align-start elementor-icon-list--layout-traditional elementor-list-item-link-full_width elementor-widget elementor-widget-icon-list\" data-id=\"754403a\" data-element_type=\"widget\" data-e-type=\"widget\" data-widget_type=\"icon-list.default\">\n\t\t\t\t<div class=\"elementor-widget-container\">\n\t\t\t\t\t\t\t<ul class=\"elementor-icon-list-items\">\n\t\t\t\t\t\t\t<li class=\"elementor-icon-list-item\">\n\t\t\t\t\t\t\t\t\t\t\t<span class=\"elementor-icon-list-icon\">\n\t\t\t\t\t\t\t<i aria-hidden=\"true\" class=\"far fa-calendar\"><\/i>\t\t\t\t\t\t<\/span>\n\t\t\t\t\t\t\t\t\t\t<span class=\"elementor-icon-list-text\">Grupo 3: 4 al 15 de agosto de 2025<\/span>\n\t\t\t\t\t\t\t\t\t<\/li>\n\t\t\t\t\t\t\t\t<li class=\"elementor-icon-list-item\">\n\t\t\t\t\t\t\t\t\t\t\t<span class=\"elementor-icon-list-icon\">\n\t\t\t\t\t\t\t<i aria-hidden=\"true\" class=\"fas fa-check\"><\/i>\t\t\t\t\t\t<\/span>\n\t\t\t\t\t\t\t\t\t\t<span class=\"elementor-icon-list-text\">Incluye: clases de equitaci\u00f3n, recreaci\u00f3n, materiales y supervisi\u00f3n<\/span>\n\t\t\t\t\t\t\t\t\t<\/li>\n\t\t\t\t\t\t\t\t<li class=\"elementor-icon-list-item\">\n\t\t\t\t\t\t\t\t\t\t\t<span class=\"elementor-icon-list-icon\">\n\t\t\t\t\t\t\t<i aria-hidden=\"true\" class=\"fas fa-check\"><\/i>\t\t\t\t\t\t<\/span>\n\t\t\t\t\t\t\t\t\t\t<span class=\"elementor-icon-list-text\">Cupos limitados: 5 a 10 por grupo<\/span>\n\t\t\t\t\t\t\t\t\t<\/li>\n\t\t\t\t\t\t\t\t<li class=\"elementor-icon-list-item\">\n\t\t\t\t\t\t\t\t\t\t\t<span class=\"elementor-icon-list-icon\">\n\t\t\t\t\t\t\t<i aria-hidden=\"true\" class=\"fas fa-check\"><\/i>\t\t\t\t\t\t<\/span>\n\t\t\t\t\t\t\t\t\t\t<span class=\"elementor-icon-list-text\">Transporte opcional con costo adicional<\/span>\n\t\t\t\t\t\t\t\t\t<\/li>\n\t\t\t\t\t\t<\/ul>\n\t\t\t\t\t\t<\/div>\n\t\t\t\t<\/div>\n\t\t<div class=\"elementor-element elementor-element-24367ed e-con-full e-flex e-con e-child\" data-id=\"24367ed\" data-element_type=\"container\" data-e-type=\"container\">\n\t\t\t\t<div class=\"elementor-element elementor-element-4cc5d4e elementor-widget elementor-widget-text-editor\" data-id=\"4cc5d4e\" data-element_type=\"widget\" data-e-type=\"widget\" data-widget_type=\"text-editor.default\">\n\t\t\t\t<div class=\"elementor-widget-container\">\n\t\t\t\t\t\t\t\t\t<p>Durante estas vacaciones 2025, Finca San Pedro abre las puertas a ni\u00f1os y adolescentes para que vivan la experiencia del mundo ecuestre. Ser\u00e1n 15 d\u00edas inolvidables de aprendizaje, conexi\u00f3n con caballos, juegos en la naturaleza y desarrollo personal.<\/p>\t\t\t\t\t\t\t\t<\/div>\n\t\t\t\t<\/div>\n\t\t\t\t<\/div>\n\t\t\t\t\t<\/div>\n\t\t\t\t<\/div>\n\t\t<div class=\"elementor-element elementor-element-30353ef e-flex e-con-boxed e-con e-parent\" data-id=\"30353ef\" data-element_type=\"container\" data-e-type=\"container\">\n\t\t\t\t\t<div class=\"e-con-inner\">\n\t\t\t\t<div class=\"elementor-element elementor-element-474d51b elementor-widget elementor-widget-spacer\" data-id=\"474d51b\" data-element_type=\"widget\" data-e-type=\"widget\" data-widget_type=\"spacer.default\">\n\t\t\t\t<div class=\"elementor-widget-container\">\n\t\t\t\t\t\t\t<div class=\"elementor-spacer\">\n\t\t\t<div class=\"elementor-spacer-inner\"><\/div>\n\t\t<\/div>\n\t\t\t\t\t\t<\/div>\n\t\t\t\t<\/div>\n\t\t<div class=\"elementor-element elementor-element-6a79707 e-con-full e-flex e-con e-child\" data-id=\"6a79707\" data-element_type=\"container\" data-e-type=\"container\">\n\t\t\t\t<div class=\"elementor-element elementor-element-8632d73 elementor-widget elementor-widget-html\" data-id=\"8632d73\" data-element_type=\"widget\" data-e-type=\"widget\" data-widget_type=\"html.default\">\n\t\t\t\t<div class=\"elementor-widget-container\">\n\t\t\t\t\t<iframe src=\"https:\/\/docs.google.com\/forms\/d\/e\/1FAIpQLSdHkdJR1ceSviBYpv-EMjsfyHYbZ187scZaG3e_gaZsfakBdQ\/viewform?embedded=true\" width=\"700\" height=\"520\" frameborder=\"0\" marginheight=\"0\" marginwidth=\"0\">Cargando\u2026<\/iframe>\t\t\t\t<\/div>\n\t\t\t\t<\/div>\n\t\t\t\t<\/div>\n\t\t\t\t\t<\/div>\n\t\t\t\t<\/div>\n\t\t<div class=\"elementor-element elementor-element-ce8f1bb e-flex e-con-boxed e-con e-parent\" data-id=\"ce8f1bb\" data-element_type=\"container\" data-e-type=\"container\">\n\t\t\t\t\t<div class=\"e-con-inner\">\n\t\t\t\t<div class=\"elementor-element elementor-element-4b4727a elementor-widget elementor-widget-spacer\" data-id=\"4b4727a\" data-element_type=\"widget\" data-e-type=\"widget\" data-widget_type=\"spacer.default\">\n\t\t\t\t<div class=\"elementor-widget-container\">\n\t\t\t\t\t\t\t<div class=\"elementor-spacer\">\n\t\t\t<div class=\"elementor-spacer-inner\"><\/div>\n\t\t<\/div>\n\t\t\t\t\t\t<\/div>\n\t\t\t\t<\/div>\n\t\t<div class=\"elementor-element elementor-element-1b86766 e-con-full e-flex e-con e-child\" data-id=\"1b86766\" data-element_type=\"container\" data-e-type=\"container\">\n\t\t\t\t<div class=\"elementor-element elementor-element-68d801a elementor-widget elementor-widget-heading\" data-id=\"68d801a\" data-element_type=\"widget\" data-e-type=\"widget\" data-widget_type=\"heading.default\">\n\t\t\t\t<div class=\"elementor-widget-container\">\n\t\t\t\t\t<h2 class=\"elementor-heading-title elementor-size-default\">Dep\u00f3sito o Transferencia<\/h2>\t\t\t\t<\/div>\n\t\t\t\t<\/div>\n\t\t\t\t<div class=\"elementor-element elementor-element-4ebd1c9 elementor-widget elementor-widget-image\" data-id=\"4ebd1c9\" data-element_type=\"widget\" data-e-type=\"widget\" data-widget_type=\"image.default\">\n\t\t\t\t<div class=\"elementor-widget-container\">\n\t\t\t\t\t\t\t\t\t\t\t\t\t\t\t\t<a href=\"https:\/\/wa.me\/593987729387\">\n\t\t\t\t\t\t\t<img decoding=\"async\" width=\"300\" height=\"300\" src=\"https:\/\/sanpedroglamping.com\/wp-content\/uploads\/2025\/06\/Deposito-o-Tranferencia-Paola-Caicedo-300x300.png\" class=\"attachment-medium size-medium wp-image-1252\" alt=\"Deposito O Tranferencia Paola Caicedo 300x300\" srcset=\"https:\/\/sanpedroglamping.com\/wp-content\/uploads\/2025\/06\/Deposito-o-Tranferencia-Paola-Caicedo-300x300.png 300w, https:\/\/sanpedroglamping.com\/wp-content\/uploads\/2025\/06\/Deposito-o-Tranferencia-Paola-Caicedo-100x100.png 100w, https:\/\/sanpedroglamping.com\/wp-content\/uploads\/2025\/06\/Deposito-o-Tranferencia-Paola-Caicedo-600x600.png 600w, https:\/\/sanpedroglamping.com\/wp-content\/uploads\/2025\/06\/Deposito-o-Tranferencia-Paola-Caicedo-1024x1024.png 1024w, https:\/\/sanpedroglamping.com\/wp-content\/uploads\/2025\/06\/Deposito-o-Tranferencia-Paola-Caicedo-150x150.png 150w, https:\/\/sanpedroglamping.com\/wp-content\/uploads\/2025\/06\/Deposito-o-Tranferencia-Paola-Caicedo-768x768.png 768w, https:\/\/sanpedroglamping.com\/wp-content\/uploads\/2025\/06\/Deposito-o-Tranferencia-Paola-Caicedo-12x12.png 12w, https:\/\/sanpedroglamping.com\/wp-content\/uploads\/2025\/06\/Deposito-o-Tranferencia-Paola-Caicedo.png 1080w\" sizes=\"(max-width: 300px) 100vw, 300px\" title=\"Curso Vacacional 2025\">\t\t\t\t\t\t\t\t<\/a>\n\t\t\t\t\t\t\t\t\t\t\t\t\t\t\t<\/div>\n\t\t\t\t<\/div>\n\t\t\t\t<div class=\"elementor-element elementor-element-13299e1 elementor-align-center elementor-widget elementor-widget-button\" data-id=\"13299e1\" data-element_type=\"widget\" data-e-type=\"widget\" data-widget_type=\"button.default\">\n\t\t\t\t<div class=\"elementor-widget-container\">\n\t\t\t\t\t\t\t\t\t<div class=\"elementor-button-wrapper\">\n\t\t\t\t\t<a class=\"elementor-button elementor-button-link elementor-size-sm\" href=\"https:\/\/wa.me\/593987729387\" target=\"_blank\">\n\t\t\t\t\t\t<span class=\"elementor-button-content-wrapper\">\n\t\t\t\t\t\t\t\t\t<span class=\"elementor-button-text\">Reservar<\/span>\n\t\t\t\t\t<\/span>\n\t\t\t\t\t<\/a>\n\t\t\t\t<\/div>\n\t\t\t\t\t\t\t\t<\/div>\n\t\t\t\t<\/div>\n\t\t\t\t<\/div>\n\t\t\t\t\t<\/div>\n\t\t\t\t<\/div>\n\t\t<div class=\"elementor-element elementor-element-47f2e43 e-flex e-con-boxed e-con e-parent\" data-id=\"47f2e43\" data-element_type=\"container\" data-e-type=\"container\">\n\t\t\t\t\t<div class=\"e-con-inner\">\n\t\t<div class=\"elementor-element elementor-element-542a2f3 e-con-full e-flex e-con e-child\" data-id=\"542a2f3\" data-element_type=\"container\" data-e-type=\"container\">\n\t\t\t\t<div class=\"elementor-element elementor-element-8073b4f elementor-widget elementor-widget-text-editor\" data-id=\"8073b4f\" data-element_type=\"widget\" data-e-type=\"widget\" data-widget_type=\"text-editor.default\">\n\t\t\t\t<div class=\"elementor-widget-container\">\n\t\t\t\t\t\t\t\t\t<h5 style=\"text-align: center;\">\ud83d\udccd Comunidad de Huaquer - Mont\u00fafar \u2013 Carchi<br data-start=\"3341\" data-end=\"3344\" \/>\ud83d\udcf2 WhatsApp: +593 98 772 9387<br data-start=\"3373\" data-end=\"3376\" \/>\ud83d\udce7 fincasanpedroglamping@gmail.com<br data-start=\"3405\" data-end=\"3408\" \/>\ud83d\udcf8 Instagram: @fincasanpedroglamping<\/h5>\t\t\t\t\t\t\t\t<\/div>\n\t\t\t\t<\/div>\n\t\t\t\t<\/div>\n\t\t\t\t\t<\/div>\n\t\t\t\t<\/div>\n\t\t<div class=\"elementor-element elementor-element-107ab22 e-flex e-con-boxed e-con e-parent\" data-id=\"107ab22\" data-element_type=\"container\" data-e-type=\"container\">\n\t\t\t\t\t<div class=\"e-con-inner\">\n\t\t<div class=\"elementor-element elementor-element-929d27f e-con-full e-flex e-con e-child\" data-id=\"929d27f\" data-element_type=\"container\" data-e-type=\"container\">\n\t\t\t\t<div class=\"elementor-element elementor-element-9a752f1 elementor-widget elementor-widget-heading\" data-id=\"9a752f1\" data-element_type=\"widget\" data-e-type=\"widget\" data-widget_type=\"heading.default\">\n\t\t\t\t<div class=\"elementor-widget-container\">\n\t\t\t\t\t<h2 class=\"elementor-heading-title elementor-size-default\">AUTORIZACI\u00d3N Y DESLINDE DE RESPONSABILIDAD<\/h2>\t\t\t\t<\/div>\n\t\t\t\t<\/div>\n\t\t\t\t<div class=\"elementor-element elementor-element-1ede31f elementor-widget elementor-widget-text-editor\" data-id=\"1ede31f\" data-element_type=\"widget\" data-e-type=\"widget\" data-widget_type=\"text-editor.default\">\n\t\t\t\t<div class=\"elementor-widget-container\">\n\t\t\t\t\t\t\t\t\t<p>En esta secci\u00f3n podr\u00e1 encontrar el documento en PDF para que lo pueda descargar, imprimir, leer detenidamente, el representante legal del participante deber\u00e1 entregar el documento completo con los datos y firmado, aceptando los t\u00e9rminos y condiciones y el deslinde de responsabilidad.<\/p>\t\t\t\t\t\t\t\t<\/div>\n\t\t\t\t<\/div>\n\t\t\t\t<\/div>\n\t\t\t\t<div class=\"elementor-element elementor-element-1d805fe elementor-widget elementor-widget-html\" data-id=\"1d805fe\" data-element_type=\"widget\" data-e-type=\"widget\" data-widget_type=\"html.default\">\n\t\t\t\t<div class=\"elementor-widget-container\">\n\t\t\t\t\t<iframe src=\"https:\/\/docs.google.com\/gview?url=https:\/\/sanpedroglamping.com\/wp-content\/uploads\/2025\/06\/AUTORIZACION-Y-DESLINDE-DE-RESPONSABILIDAD.pdf&embedded=true\" style=\"width:100%; height:700px;\" frameborder=\"0\"><\/iframe>\r\n\t\t\t\t<\/div>\n\t\t\t\t<\/div>\n\t\t\t\t<div class=\"elementor-element elementor-element-27d2d27 elementor-widget elementor-widget-html\" data-id=\"27d2d27\" data-element_type=\"widget\" data-e-type=\"widget\" data-widget_type=\"html.default\">\n\t\t\t\t<div class=\"elementor-widget-container\">\n\t\t\t\t\t<a href=\"https:\/\/sanpedroglamping.com\/wp-content\/uploads\/2025\/06\/AUTORIZACION-Y-DESLINDE-DE-RESPONSABILIDAD.pdf\" target=\"_blank\" class=\"btn\">Descargar PDF<\/a>\r\n\t\t\t\t<\/div>\n\t\t\t\t<\/div>\n\t\t\t\t\t<\/div>\n\t\t\t\t<\/div>\n\t\t<div class=\"elementor-element elementor-element-2adc3d4 e-flex e-con-boxed e-con e-parent\" data-id=\"2adc3d4\" data-element_type=\"container\" data-e-type=\"container\">\n\t\t\t\t\t<div class=\"e-con-inner\">\n\t\t\t\t<div class=\"elementor-element elementor-element-6ee0b83 elementor-widget elementor-widget-spacer\" data-id=\"6ee0b83\" data-element_type=\"widget\" data-e-type=\"widget\" data-widget_type=\"spacer.default\">\n\t\t\t\t<div class=\"elementor-widget-container\">\n\t\t\t\t\t\t\t<div class=\"elementor-spacer\">\n\t\t\t<div class=\"elementor-spacer-inner\"><\/div>\n\t\t<\/div>\n\t\t\t\t\t\t<\/div>\n\t\t\t\t<\/div>\n\t\t<div class=\"elementor-element elementor-element-1fdf0b0 e-con-full e-flex e-con e-child\" data-id=\"1fdf0b0\" data-element_type=\"container\" data-e-type=\"container\">\n\t\t\t\t<div class=\"elementor-element elementor-element-533f39d elementor-widget elementor-widget-heading\" data-id=\"533f39d\" data-element_type=\"widget\" data-e-type=\"widget\" data-widget_type=\"heading.default\">\n\t\t\t\t<div class=\"elementor-widget-container\">\n\t\t\t\t\t<h2 class=\"elementor-heading-title elementor-size-default\">\ud83d\udc34 \u00a1Cupos limitados! Asegura tu lugar antes del 3 de agosto. Para el tercer grupo.<\/h2>\t\t\t\t<\/div>\n\t\t\t\t<\/div>\n\t\t\t\t<div class=\"elementor-element elementor-element-94d8270 elementor-widget elementor-widget-counter\" data-id=\"94d8270\" data-element_type=\"widget\" data-e-type=\"widget\" data-widget_type=\"counter.default\">\n\t\t\t\t<div class=\"elementor-widget-container\">\n\t\t\t\t\t\t\t<div class=\"elementor-counter\">\n\t\t\t<div class=\"elementor-counter-title\">Cupos Disponibles<\/div>\t\t\t<div class=\"elementor-counter-number-wrapper\">\n\t\t\t\t<span class=\"elementor-counter-number-prefix\"><\/span>\n\t\t\t\t<span class=\"elementor-counter-number\" data-duration=\"2000\" data-to-value=\"0\" data-from-value=\"0\" data-delimiter=\",\">0<\/span>\n\t\t\t\t<span class=\"elementor-counter-number-suffix\"><\/span>\n\t\t\t<\/div>\n\t\t<\/div>\n\t\t\t\t\t\t<\/div>\n\t\t\t\t<\/div>\n\t\t\t\t<div class=\"elementor-element elementor-element-2b11829 elementor-widget elementor-widget-google_maps\" data-id=\"2b11829\" data-element_type=\"widget\" data-e-type=\"widget\" data-widget_type=\"google_maps.default\">\n\t\t\t\t<div class=\"elementor-widget-container\">\n\t\t\t\t\t\t\t<div class=\"elementor-custom-embed\">\n\t\t\t<iframe loading=\"lazy\"\n\t\t\t\t\tsrc=\"https:\/\/maps.google.com\/maps?q=Finca%20San%20Pedro%20Glamping&#038;t=m&#038;z=10&#038;output=embed&#038;iwloc=near\"\n\t\t\t\t\ttitle=\"Finca San Pedro Glamping\"\n\t\t\t\t\taria-label=\"Finca San Pedro Glamping\"\n\t\t\t><\/iframe>\n\t\t<\/div>\n\t\t\t\t\t\t<\/div>\n\t\t\t\t<\/div>\n\t\t\t\t<\/div>\n\t\t\t\t<div class=\"elementor-element elementor-element-59e48b7 elementor-widget elementor-widget-video\" data-id=\"59e48b7\" data-element_type=\"widget\" data-e-type=\"widget\" data-settings=\"{&quot;youtube_url&quot;:&quot;https:\\\/\\\/youtu.be\\\/Do5h0_r4F0w?si=owg6_g7oLUWyhj5Q&quot;,&quot;video_type&quot;:&quot;youtube&quot;,&quot;controls&quot;:&quot;yes&quot;}\" data-widget_type=\"video.default\">\n\t\t\t\t<div class=\"elementor-widget-container\">\n\t\t\t\t\t\t\t<div class=\"elementor-wrapper elementor-open-inline\">\n\t\t\t<div class=\"elementor-video\"><\/div>\t\t<\/div>\n\t\t\t\t\t\t<\/div>\n\t\t\t\t<\/div>\n\t\t\t\t\t<\/div>\n\t\t\t\t<\/div>\n\t\t\t\t<\/div>","protected":false},"excerpt":{"rendered":"<p>Curso de Equitaci\u00f3n Infantil \u2013 Vacaciones a Caballo 2025 \u00a1Inscr\u00edbelos en una experiencia inolvidable, segura y divertida en Finca San Pedro! Reservar Ni\u00f1os de 6 a 11 a\u00f1os Adolescentes de 12 a 17 a\u00f1os Lunes a viernes | 09:00 - 11:30 | 5 a 10 cupos por grupo. Precio total ($80) (No incluye transporte hacia [&hellip;]<\/p>\n","protected":false},"author":1,"featured_media":0,"parent":0,"menu_order":0,"comment_status":"closed","ping_status":"closed","template":"","meta":{"content-type":"","_uag_custom_page_level_css":"","site-sidebar-layout":"no-sidebar","site-content-layout":"page-builder","ast-site-content-layout":"full-width-container","site-content-style":"default","site-sidebar-style":"default","ast-global-header-display":"disabled","ast-banner-title-visibility":"","ast-main-header-display":"","ast-hfb-above-header-display":"","ast-hfb-below-header-display":"","ast-hfb-mobile-header-display":"","site-post-title":"disabled","ast-breadcrumbs-content":"","ast-featured-img":"disabled","footer-sml-layout":"","ast-disable-related-posts":"","theme-transparent-header-meta":"","adv-header-id-meta":"","stick-header-meta":"","header-above-stick-meta":"","header-main-stick-meta":"","header-below-stick-meta":"","astra-migrate-meta-layouts":"set","ast-page-background-enabled":"default","ast-page-background-meta":{"desktop":{"background-color":"","background-image":"","background-repeat":"repeat","background-position":"center center","background-size":"auto","background-attachment":"scroll","background-type":"","background-media":"","overlay-type":"","overlay-color":"","overlay-opacity":"","overlay-gradient":""},"tablet":{"background-color":"","background-image":"","background-repeat":"repeat","background-position":"center center","background-size":"auto","background-attachment":"scroll","background-type":"","background-media":"","overlay-type":"","overlay-color":"","overlay-opacity":"","overlay-gradient":""},"mobile":{"background-color":"","background-image":"","background-repeat":"repeat","background-position":"center center","background-size":"auto","background-attachment":"scroll","background-type":"","background-media":"","overlay-type":"","overlay-color":"","overlay-opacity":"","overlay-gradient":""}},"ast-content-background-meta":{"desktop":{"background-color":"var(--ast-global-color-5)","background-image":"","background-repeat":"repeat","background-position":"center center","background-size":"auto","background-attachment":"scroll","background-type":"","background-media":"","overlay-type":"","overlay-color":"","overlay-opacity":"","overlay-gradient":""},"tablet":{"background-color":"var(--ast-global-color-5)","background-image":"","background-repeat":"repeat","background-position":"center center","background-size":"auto","background-attachment":"scroll","background-type":"","background-media":"","overlay-type":"","overlay-color":"","overlay-opacity":"","overlay-gradient":""},"mobile":{"background-color":"var(--ast-global-color-5)","background-image":"","background-repeat":"repeat","background-position":"center center","background-size":"auto","background-attachment":"scroll","background-type":"","background-media":"","overlay-type":"","overlay-color":"","overlay-opacity":"","overlay-gradient":""}},"advanced_seo_description":"","jetpack_seo_html_title":"","jetpack_seo_noindex":false,"footnotes":""},"class_list":["post-1245","page","type-page","status-publish","hentry"],"uagb_featured_image_src":{"full":false,"thumbnail":false,"medium":false,"medium_large":false,"large":false,"1536x1536":false,"2048x2048":false,"trp-custom-language-flag":false},"uagb_author_info":{"display_name":"San Pedro Glamping","author_link":"https:\/\/sanpedroglamping.com\/en\/author\/fincasanpedroglampinggmail-com\/"},"uagb_comment_info":0,"uagb_excerpt":"Curso de Equitaci\u00f3n Infantil \u2013 Vacaciones a Caballo 2025 \u00a1Inscr\u00edbelos en una experiencia inolvidable, segura y divertida en Finca San Pedro! Reservar Ni\u00f1os de 6 a 11 a\u00f1os Adolescentes de 12 a 17 a\u00f1os Lunes a viernes | 09:00 - 11:30 | 5 a 10 cupos por grupo. Precio total ($80) (No incluye transporte hacia&hellip;","jetpack_sharing_enabled":true,"_links":{"self":[{"href":"https:\/\/sanpedroglamping.com\/en\/wp-json\/wp\/v2\/pages\/1245","targetHints":{"allow":["GET"]}}],"collection":[{"href":"https:\/\/sanpedroglamping.com\/en\/wp-json\/wp\/v2\/pages"}],"about":[{"href":"https:\/\/sanpedroglamping.com\/en\/wp-json\/wp\/v2\/types\/page"}],"author":[{"embeddable":true,"href":"https:\/\/sanpedroglamping.com\/en\/wp-json\/wp\/v2\/users\/1"}],"replies":[{"embeddable":true,"href":"https:\/\/sanpedroglamping.com\/en\/wp-json\/wp\/v2\/comments?post=1245"}],"version-history":[{"count":1,"href":"https:\/\/sanpedroglamping.com\/en\/wp-json\/wp\/v2\/pages\/1245\/revisions"}],"predecessor-version":[{"id":2243,"href":"https:\/\/sanpedroglamping.com\/en\/wp-json\/wp\/v2\/pages\/1245\/revisions\/2243"}],"wp:attachment":[{"href":"https:\/\/sanpedroglamping.com\/en\/wp-json\/wp\/v2\/media?parent=1245"}],"curies":[{"name":"wp","href":"https:\/\/api.w.org\/{rel}","templated":true}]}}