{"id":2233,"date":"2026-03-30T16:19:38","date_gmt":"2026-03-30T21:19:38","guid":{"rendered":"https:\/\/sanpedroglamping.com\/?page_id=2233"},"modified":"2026-03-30T16:23:54","modified_gmt":"2026-03-30T21:23:54","slug":"semana-santa","status":"publish","type":"page","link":"https:\/\/sanpedroglamping.com\/en\/semana-santa\/","title":{"rendered":"Semana Santa"},"content":{"rendered":"<div class=\"wp-block-uagb-container uagb-block-25efe059 alignfull uagb-is-root-container\"><div class=\"uagb-container-inner-blocks-wrap\">\n<div class=\"wp-block-uagb-advanced-heading uagb-block-152b2cf8\"><h1 class=\"uagb-heading-text\">Semana Santa en Finca San Pedro<\/h1><\/div>\n<\/div><\/div>\n\n\n\n<div class=\"wp-block-uagb-container uagb-block-4a87feac alignfull uagb-is-root-container\"><div class=\"uagb-container-inner-blocks-wrap\">\n<div class=\"wp-block-uagb-info-box uagb-block-5c6f27f2 uagb-infobox__content-wrap  uagb-infobox-icon-above-title uagb-infobox-image-valign-top\"><div class=\"uagb-ifb-content\"><div class=\"uagb-ifb-title-wrap\"><h2 class=\"uagb-ifb-title\">Esc\u00e1pate del ruido, reconecta con la esencia.<\/h2><\/div><div class=\"uagb-ifb-separator\"><\/div><p class=\"uagb-ifb-desc\">Del 29 de marzo al 5 de abril, vive un feriado diferente en Carchi. Disfruta de nuestra tradicional <strong>Fanesca en la Finca<\/strong> este Domingo de Ramos y hosp\u00e9date en el refugio m\u00e1s exclusivo del norte del pa\u00eds.<br><\/p><div class=\"uagb-ifb-button-wrapper wp-block-button\"><a href=\"https:\/\/wa.me\/593987729387\" class=\"uagb-infobox-cta-link wp-block-button__link\" target=\"_blank\" rel=\"noopener noreferrer\" onclick=\"return true;\"><span class=\"uagb-inline-editing\">M\u00e1s Informaci\u00f3n<\/span><svg xmlns=\"https:\/\/www.w3.org\/2000\/svg\" viewbox=\"0 0 512 512\"><path d=\"M504.3 273.6l-112.1 104c-6.992 6.484-17.18 8.218-25.94 4.406c-8.758-3.812-14.42-12.45-14.42-21.1L351.9 288H32C14.33 288 .0002 273.7 .0002 255.1S14.33 224 32 224h319.9l0-72c0-9.547 5.66-18.19 14.42-22c8.754-3.809 18.95-2.075 25.94 4.41l112.1 104C514.6 247.9 514.6 264.1 504.3 273.6z\"><\/path><\/svg><\/a><\/div><\/div><\/div>\n\n\n\n<div class=\"wp-block-uagb-container uagb-block-d65a08d3\">\n<div class=\"wp-block-uagb-container uagb-block-c1588b44\">\n<div class=\"wp-block-uagb-image uagb-block-337fd67d wp-block-uagb-image--layout-default wp-block-uagb-image--effect-static wp-block-uagb-image--align-none\"><figure class=\"wp-block-uagb-image__figure\"><img loading=\"lazy\" decoding=\"async\" srcset=\"https:\/\/sanpedroglamping.com\/wp-content\/uploads\/2025\/04\/Domo-001-1.png ,https:\/\/sanpedroglamping.com\/wp-content\/uploads\/2025\/04\/Domo-001-1.png 780w, https:\/\/sanpedroglamping.com\/wp-content\/uploads\/2025\/04\/Domo-001-1.png 360w\" sizes=\"auto, (max-width: 480px) 150px\" src=\"https:\/\/sanpedroglamping.com\/wp-content\/uploads\/2025\/04\/Domo-001-1.png\" alt=\"Domo 001 1\" class=\"uag-image-1184\" width=\"484\" height=\"302\" title=\"Domo exterior\" role=\"img\"><\/figure><\/div>\n\n\n\n<div class=\"wp-block-uagb-info-box uagb-block-5408ebdb uagb-infobox__content-wrap  uagb-infobox-icon-above-title uagb-infobox-image-valign-top\"><div class=\"uagb-ifb-content\"><div class=\"uagb-ifb-title-wrap\"><h5 class=\"uagb-ifb-title\">Domo Glamping Premium<\/h5><\/div><p class=\"uagb-ifb-desc\">La experiencia definitiva bajo las estrellas. Ba\u00f1o privado y vista panor\u00e1mica. <strong>Tarifa Directa: $190<\/strong> (Ahorra 10% vs Booking).<\/p><\/div><\/div>\n\n\n\n<div class=\"wp-block-uagb-image uagb-block-0aba367f wp-block-uagb-image--layout-default wp-block-uagb-image--effect-static wp-block-uagb-image--align-none\"><figure class=\"wp-block-uagb-image__figure\"><img loading=\"lazy\" decoding=\"async\" srcset=\"https:\/\/sanpedroglamping.com\/wp-content\/uploads\/2024\/11\/Casa-bano.png ,https:\/\/sanpedroglamping.com\/wp-content\/uploads\/2024\/11\/Casa-bano.png 780w, https:\/\/sanpedroglamping.com\/wp-content\/uploads\/2024\/11\/Casa-bano.png 360w\" sizes=\"auto, (max-width: 480px) 150px\" src=\"https:\/\/sanpedroglamping.com\/wp-content\/uploads\/2024\/11\/Casa-bano.png\" alt=\"Casa Bano\" class=\"uag-image-994\" width=\"484\" height=\"302\" title=\"Casa ba\u00f1o\" role=\"img\"><\/figure><\/div>\n\n\n\n<div class=\"wp-block-uagb-info-box uagb-block-73129e9b uagb-infobox__content-wrap  uagb-infobox-icon-above-title uagb-infobox-image-valign-top\"><div class=\"uagb-ifb-content\"><div class=\"uagb-ifb-title-wrap\"><h5 class=\"uagb-ifb-title\">Habitaci\u00f3n Deluxe (Con Tina)<\/h5><\/div><p class=\"uagb-ifb-desc\">Amplia y acogedora, ideal para relajarse despu\u00e9s de un d\u00eda de monta\u00f1a. <strong>Tarifa Directa: $100<\/strong>.<\/p><\/div><\/div>\n<\/div>\n\n\n\n<div class=\"wp-block-uagb-container uagb-block-2d120e8e\">\n<div class=\"wp-block-uagb-image uagb-block-96e3610f wp-block-uagb-image--layout-default wp-block-uagb-image--effect-static wp-block-uagb-image--align-none\"><figure class=\"wp-block-uagb-image__figure\"><img loading=\"lazy\" decoding=\"async\" srcset=\"https:\/\/sanpedroglamping.com\/wp-content\/uploads\/2025\/04\/Img-horizontal-Website-suite-001-1.png ,https:\/\/sanpedroglamping.com\/wp-content\/uploads\/2025\/04\/Img-horizontal-Website-suite-001-1.png 780w, https:\/\/sanpedroglamping.com\/wp-content\/uploads\/2025\/04\/Img-horizontal-Website-suite-001-1.png 360w\" sizes=\"auto, (max-width: 480px) 150px\" src=\"https:\/\/sanpedroglamping.com\/wp-content\/uploads\/2025\/04\/Img-horizontal-Website-suite-001-1.png\" alt=\"Img Horizontal Website Suite 001 1\" class=\"uag-image-1181\" width=\"484\" height=\"302\" title=\"Cama de Suite\" role=\"img\"><\/figure><\/div>\n\n\n\n<div class=\"wp-block-uagb-info-box uagb-block-3883f3b0 uagb-infobox__content-wrap  uagb-infobox-icon-above-title uagb-infobox-image-valign-top\"><div class=\"uagb-ifb-content\"><div class=\"uagb-ifb-title-wrap\"><h5 class=\"uagb-ifb-title\">Master Suite con Jacuzzi<\/h5><\/div><p class=\"uagb-ifb-desc\">Privacidad total y confort premium. Perfecta para parejas que buscan descanso absoluto. <strong>Tarifa Directa: $140<\/strong>.<\/p><\/div><\/div>\n\n\n\n<div class=\"wp-block-uagb-image uagb-block-65f8bb55 wp-block-uagb-image--layout-default wp-block-uagb-image--effect-static wp-block-uagb-image--align-none\"><figure class=\"wp-block-uagb-image__figure\"><img loading=\"lazy\" decoding=\"async\" srcset=\"https:\/\/sanpedroglamping.com\/wp-content\/uploads\/2024\/11\/Habitacion-01-1.png ,https:\/\/sanpedroglamping.com\/wp-content\/uploads\/2024\/11\/Habitacion-01-1.png 780w, https:\/\/sanpedroglamping.com\/wp-content\/uploads\/2024\/11\/Habitacion-01-1.png 360w\" sizes=\"auto, (max-width: 480px) 150px\" src=\"https:\/\/sanpedroglamping.com\/wp-content\/uploads\/2024\/11\/Habitacion-01-1.png\" alt=\"Habitacion 01 1\" class=\"uag-image-989\" width=\"484\" height=\"302\" title=\"Habitacion 01 (1)\" role=\"img\"><\/figure><\/div>\n\n\n\n<div class=\"wp-block-uagb-info-box uagb-block-4cdd22fa uagb-infobox__content-wrap  uagb-infobox-icon-above-title uagb-infobox-image-valign-top\"><div class=\"uagb-ifb-content\"><div class=\"uagb-ifb-title-wrap\"><h5 class=\"uagb-ifb-title\">Habitaci\u00f3n Est\u00e1ndar<\/h5><\/div><p class=\"uagb-ifb-desc\">Comodidad y sencillez para exploradores que aman el p\u00e1ramo. <strong>Tarifa Directa: $80<\/strong>.<\/p><\/div><\/div>\n<\/div>\n<\/div>\n<\/div><\/div>\n\n\n\n<div class=\"wp-block-uagb-container uagb-block-31ec3615 alignfull uagb-is-root-container\"><div class=\"uagb-container-inner-blocks-wrap\">\n<div class=\"wp-block-uagb-container uagb-block-4d7d62ec\">\n<div class=\"wp-block-uagb-advanced-heading uagb-block-e4f4e4f6\"><h3 class=\"uagb-heading-text\">\u00bfPor qu\u00e9 Finca San Pedro?<\/h3><div class=\"uagb-separator\"><\/div><p class=\"uagb-desc-text\">No solo ofrecemos una cama, te ofrecemos una inmersi\u00f3n total en la cultura andina.<\/p><\/div>\n\n\n\n<div class=\"wp-block-uagb-icon-list uagb-block-76ae1cc7\"><div class=\"uagb-icon-list__wrap\">\n<div class=\"wp-block-uagb-icon-list-child uagb-block-16c3b663\"><a target=\"_self\" aria-label=\"Guianza profesional a la Reserva Ecol\u00f3gica El \u00c1ngel.\" rel=\"noopener noreferrer\" href=\"#\"> <\/a><span class=\"uagb-icon-list__source-wrap\"><svg xmlns=\"https:\/\/www.w3.org\/2000\/svg\" viewbox=\"0 0 448 512\"><path d=\"M400 288h-352c-17.69 0-32-14.32-32-32.01s14.31-31.99 32-31.99h352c17.69 0 32 14.3 32 31.99S417.7 288 400 288z\"><\/path><\/svg><\/span><span class=\"uagb-icon-list__label\">Guianza profesional a la Reserva Ecol\u00f3gica El \u00c1ngel.<\/span><\/div>\n\n\n\n<div class=\"wp-block-uagb-icon-list-child uagb-block-52c7761b\"><a target=\"_self\" aria-label=\"Gastronom\u00eda aut\u00e9ntica: Fanesca tradicional este 29 de marzo.\" rel=\"noopener noreferrer\" href=\"#\"> <\/a><span class=\"uagb-icon-list__source-wrap\"><svg xmlns=\"https:\/\/www.w3.org\/2000\/svg\" viewbox=\"0 0 448 512\"><path d=\"M400 288h-352c-17.69 0-32-14.32-32-32.01s14.31-31.99 32-31.99h352c17.69 0 32 14.3 32 31.99S417.7 288 400 288z\"><\/path><\/svg><\/span><span class=\"uagb-icon-list__label\">Gastronom\u00eda aut\u00e9ntica: Fanesca tradicional este 29 de marzo.<\/span><\/div>\n\n\n\n<div class=\"wp-block-uagb-icon-list-child uagb-block-7cacaa4b\"><span class=\"uagb-icon-list__source-wrap\"><svg xmlns=\"https:\/\/www.w3.org\/2000\/svg\" viewbox=\"0 0 448 512\"><path d=\"M400 288h-352c-17.69 0-32-14.32-32-32.01s14.31-31.99 32-31.99h352c17.69 0 32 14.3 32 31.99S417.7 288 400 288z\"><\/path><\/svg><\/span><span class=\"uagb-icon-list__label\">Actividades \u00fanicas: Cabalgatas al p\u00e1ramo y orde\u00f1o tradicional.<\/span><\/div>\n<\/div><\/div>\n<\/div>\n\n\n\n<div class=\"wp-block-uagb-container uagb-block-43436432\">\n<div class=\"wp-block-uagb-advanced-heading uagb-block-aba220df\"><h3 class=\"uagb-heading-text\">\u00bfPor qu\u00e9 elegir Finca San Pedro?<\/h3><div class=\"uagb-separator\"><\/div><p class=\"uagb-desc-text\">No somos solo un lugar para dormir; somos un refugio de paz y tradici\u00f3n en el norte del Ecuador. Al reservar directamente con nosotros, te aseguras la mejor tarifa y una atenci\u00f3n 100% personalizada por profesionales del turismo.<\/p><\/div>\n\n\n\n<div class=\"wp-block-uagb-icon-list uagb-block-7d76b67e\"><div class=\"uagb-icon-list__wrap\">\n<div class=\"wp-block-uagb-icon-list-child uagb-block-0e9c4bc9\"><a target=\"_self\" aria-label=\"Ubicaci\u00f3n Estrat\u00e9gica: Estamos a pocos minutos de la Reserva Ecol\u00f3gica El \u00c1ngel, el destino ideal para este feriado de Semana Santa.\" rel=\"noopener noreferrer\" href=\"#\"> <\/a><span class=\"uagb-icon-list__source-wrap\"><svg xmlns=\"https:\/\/www.w3.org\/2000\/svg\" viewbox=\"0 0 448 512\"><path d=\"M400 288h-352c-17.69 0-32-14.32-32-32.01s14.31-31.99 32-31.99h352c17.69 0 32 14.3 32 31.99S417.7 288 400 288z\"><\/path><\/svg><\/span><span class=\"uagb-icon-list__label\"><strong>Ubicaci\u00f3n Estrat\u00e9gica:<\/strong> Estamos a pocos minutos de la <strong>Reserva Ecol\u00f3gica El \u00c1ngel<\/strong>, el destino ideal para este feriado de Semana Santa.<\/span><\/div>\n\n\n\n<div class=\"wp-block-uagb-icon-list-child uagb-block-46b5e2dd\"><span class=\"uagb-icon-list__source-wrap\"><svg xmlns=\"https:\/\/www.w3.org\/2000\/svg\" viewbox=\"0 0 448 512\"><path d=\"M400 288h-352c-17.69 0-32-14.32-32-32.01s14.31-31.99 32-31.99h352c17.69 0 32 14.3 32 31.99S417.7 288 400 288z\"><\/path><\/svg><\/span><span class=\"uagb-icon-list__label\"><strong>Garant\u00eda de Mejor Precio:<\/strong> Al reservar en esta web, ahorras el 10% de comisi\u00f3n de plataformas externas (Booking\/Airbnb).<\/span><\/div>\n\n\n\n<div class=\"wp-block-uagb-icon-list-child uagb-block-2b84fc25\"><a target=\"_self\" aria-label=\"Experiencias Aut\u00e9nticas: Disfruta de nuestra Fanesca Tradicional, cabalgatas guiadas al p\u00e1ramo y la desconexi\u00f3n total que solo el campo ofrece.\" rel=\"noopener noreferrer\" href=\"#\"> <\/a><span class=\"uagb-icon-list__source-wrap\"><svg xmlns=\"https:\/\/www.w3.org\/2000\/svg\" viewbox=\"0 0 448 512\"><path d=\"M400 288h-352c-17.69 0-32-14.32-32-32.01s14.31-31.99 32-31.99h352c17.69 0 32 14.3 32 31.99S417.7 288 400 288z\"><\/path><\/svg><\/span><span class=\"uagb-icon-list__label\"><strong>Experiencias Aut\u00e9nticas:<\/strong> Disfruta de nuestra <strong>Fanesca Tradicional<\/strong>, cabalgatas guiadas al p\u00e1ramo y la desconexi\u00f3n total que solo el campo ofrece.<\/span><\/div>\n<\/div><\/div>\n<\/div>\n<\/div><\/div>\n\n\n\n<div class=\"wp-block-buttons is-content-justification-center is-layout-flex wp-container-core-buttons-is-layout-a89b3969 wp-block-buttons-is-layout-flex\">\n<div class=\"wp-block-button\"><a class=\"wp-block-button__link wp-element-button\" href=\"https:\/\/wa.me\/593987729387\" target=\"_blank\" rel=\"noreferrer noopener\">RESERVAR POR WHATSAPP<\/a><\/div>\n<\/div>\n\n\n\n<p><\/p>","protected":false},"excerpt":{"rendered":"<p>Semana Santa en Finca San Pedro \u00bfPor qu\u00e9 Finca San Pedro? No solo ofrecemos una cama, te ofrecemos una inmersi\u00f3n total en la cultura andina. \u00bfPor qu\u00e9 elegir Finca San Pedro? No somos solo un lugar para dormir; somos un refugio de paz y tradici\u00f3n en el norte del Ecuador. Al reservar directamente con nosotros, [&hellip;]<\/p>\n","protected":false},"author":1,"featured_media":1545,"parent":0,"menu_order":0,"comment_status":"closed","ping_status":"closed","template":"elementor_theme","meta":{"content-type":"landing-page","_uag_custom_page_level_css":"","site-sidebar-layout":"default","site-content-layout":"","ast-site-content-layout":"default","site-content-style":"default","site-sidebar-style":"default","ast-global-header-display":"disabled","ast-banner-title-visibility":"","ast-main-header-display":"","ast-hfb-above-header-display":"","ast-hfb-below-header-display":"","ast-hfb-mobile-header-display":"","site-post-title":"disabled","ast-breadcrumbs-content":"","ast-featured-img":"","footer-sml-layout":"","ast-disable-related-posts":"","theme-transparent-header-meta":"","adv-header-id-meta":"","stick-header-meta":"","header-above-stick-meta":"","header-main-stick-meta":"","header-below-stick-meta":"","astra-migrate-meta-layouts":"set","ast-page-background-enabled":"default","ast-page-background-meta":{"desktop":{"background-color":"","background-image":"","background-repeat":"repeat","background-position":"center center","background-size":"auto","background-attachment":"scroll","background-type":"","background-media":"","overlay-type":"","overlay-color":"","overlay-opacity":"","overlay-gradient":""},"tablet":{"background-color":"","background-image":"","background-repeat":"repeat","background-position":"center center","background-size":"auto","background-attachment":"scroll","background-type":"","background-media":"","overlay-type":"","overlay-color":"","overlay-opacity":"","overlay-gradient":""},"mobile":{"background-color":"","background-image":"","background-repeat":"repeat","background-position":"center center","background-size":"auto","background-attachment":"scroll","background-type":"","background-media":"","overlay-type":"","overlay-color":"","overlay-opacity":"","overlay-gradient":""}},"ast-content-background-meta":{"desktop":{"background-color":"var(--ast-global-color-5)","background-image":"","background-repeat":"repeat","background-position":"center center","background-size":"auto","background-attachment":"scroll","background-type":"","background-media":"","overlay-type":"","overlay-color":"","overlay-opacity":"","overlay-gradient":""},"tablet":{"background-color":"var(--ast-global-color-5)","background-image":"","background-repeat":"repeat","background-position":"center center","background-size":"auto","background-attachment":"scroll","background-type":"","background-media":"","overlay-type":"","overlay-color":"","overlay-opacity":"","overlay-gradient":""},"mobile":{"background-color":"var(--ast-global-color-5)","background-image":"","background-repeat":"repeat","background-position":"center center","background-size":"auto","background-attachment":"scroll","background-type":"","background-media":"","overlay-type":"","overlay-color":"","overlay-opacity":"","overlay-gradient":""}},"advanced_seo_description":"Vive un feriado inolvidable en Finca San Pedro. Disfruta nuestra Fanesca tradicional, cabalgatas y descanso en Domo Glamping cerca de la Reserva El \u00c1ngel. \u00a1Reserva hoy!","jetpack_seo_html_title":"Semana Santa en Carchi | Glamping, Fanesca y Naturaleza","jetpack_seo_noindex":false,"footnotes":""},"class_list":["post-2233","page","type-page","status-publish","has-post-thumbnail","hentry"],"uagb_featured_image_src":{"full":["https:\/\/sanpedroglamping.com\/wp-content\/uploads\/2024\/01\/Img-Tourfic-03.png",480,300,false],"thumbnail":["https:\/\/sanpedroglamping.com\/wp-content\/uploads\/2024\/01\/Img-Tourfic-03-150x150.png",150,150,true],"medium":["https:\/\/sanpedroglamping.com\/wp-content\/uploads\/2024\/01\/Img-Tourfic-03-300x188.png",300,188,true],"medium_large":["https:\/\/sanpedroglamping.com\/wp-content\/uploads\/2024\/01\/Img-Tourfic-03.png",480,300,false],"large":["https:\/\/sanpedroglamping.com\/wp-content\/uploads\/2024\/01\/Img-Tourfic-03.png",480,300,false],"1536x1536":["https:\/\/sanpedroglamping.com\/wp-content\/uploads\/2024\/01\/Img-Tourfic-03.png",480,300,false],"2048x2048":["https:\/\/sanpedroglamping.com\/wp-content\/uploads\/2024\/01\/Img-Tourfic-03.png",480,300,false],"trp-custom-language-flag":["https:\/\/sanpedroglamping.com\/wp-content\/uploads\/2024\/01\/Img-Tourfic-03-18x12.png",18,12,true]},"uagb_author_info":{"display_name":"San Pedro Glamping","author_link":"https:\/\/sanpedroglamping.com\/en\/author\/fincasanpedroglampinggmail-com\/"},"uagb_comment_info":0,"uagb_excerpt":"Semana Santa en Finca San Pedro \u00bfPor qu\u00e9 Finca San Pedro? No solo ofrecemos una cama, te ofrecemos una inmersi\u00f3n total en la cultura andina. \u00bfPor qu\u00e9 elegir Finca San Pedro? No somos solo un lugar para dormir; somos un refugio de paz y tradici\u00f3n en el norte del Ecuador. Al reservar directamente con nosotros,&hellip;","jetpack_sharing_enabled":true,"_links":{"self":[{"href":"https:\/\/sanpedroglamping.com\/en\/wp-json\/wp\/v2\/pages\/2233","targetHints":{"allow":["GET"]}}],"collection":[{"href":"https:\/\/sanpedroglamping.com\/en\/wp-json\/wp\/v2\/pages"}],"about":[{"href":"https:\/\/sanpedroglamping.com\/en\/wp-json\/wp\/v2\/types\/page"}],"author":[{"embeddable":true,"href":"https:\/\/sanpedroglamping.com\/en\/wp-json\/wp\/v2\/users\/1"}],"replies":[{"embeddable":true,"href":"https:\/\/sanpedroglamping.com\/en\/wp-json\/wp\/v2\/comments?post=2233"}],"version-history":[{"count":4,"href":"https:\/\/sanpedroglamping.com\/en\/wp-json\/wp\/v2\/pages\/2233\/revisions"}],"predecessor-version":[{"id":2239,"href":"https:\/\/sanpedroglamping.com\/en\/wp-json\/wp\/v2\/pages\/2233\/revisions\/2239"}],"wp:featuredmedia":[{"embeddable":true,"href":"https:\/\/sanpedroglamping.com\/en\/wp-json\/wp\/v2\/media\/1545"}],"wp:attachment":[{"href":"https:\/\/sanpedroglamping.com\/en\/wp-json\/wp\/v2\/media?parent=2233"}],"curies":[{"name":"wp","href":"https:\/\/api.w.org\/{rel}","templated":true}]}}